{"id":7156,"date":"2024-07-19T21:22:47","date_gmt":"2024-07-19T19:22:47","guid":{"rendered":"https:\/\/diafanitas.uken.krakow.pl\/?page_id=7156"},"modified":"2024-10-24T09:03:41","modified_gmt":"2024-10-24T07:03:41","slug":"o-nas","status":"publish","type":"page","link":"https:\/\/diafanitas.uken.krakow.pl\/?page_id=7156","title":{"rendered":"O nas"},"content":{"rendered":"\t\t<div data-elementor-type=\"wp-page\" data-elementor-id=\"7156\" class=\"elementor elementor-7156\">\n\t\t\t\t<div class=\"elementor-element elementor-element-5d7e034 e-flex e-con-boxed e-con e-parent\" data-id=\"5d7e034\" data-element_type=\"container\">\n\t\t\t\t\t<div class=\"e-con-inner\">\n\t\t\t\t<div class=\"elementor-element elementor-element-86afa87 elementor-widget__width-initial elementor-widget-tablet__width-initial elementor-widget elementor-widget-text-editor\" data-id=\"86afa87\" data-element_type=\"widget\" data-widget_type=\"text-editor.default\">\n\t\t\t\t<div class=\"elementor-widget-container\">\n\t\t\t<style>\/*! elementor - v3.23.0 - 15-07-2024 *\/\n.elementor-widget-text-editor.elementor-drop-cap-view-stacked .elementor-drop-cap{background-color:#69727d;color:#fff}.elementor-widget-text-editor.elementor-drop-cap-view-framed .elementor-drop-cap{color:#69727d;border:3px solid;background-color:transparent}.elementor-widget-text-editor:not(.elementor-drop-cap-view-default) .elementor-drop-cap{margin-top:8px}.elementor-widget-text-editor:not(.elementor-drop-cap-view-default) .elementor-drop-cap-letter{width:1em;height:1em}.elementor-widget-text-editor .elementor-drop-cap{float:left;text-align:center;line-height:1;font-size:50px}.elementor-widget-text-editor .elementor-drop-cap-letter{display:inline-block}<\/style>\t\t\t\t<p align=\"LEFT\"><span style=\"color: #000000;\"><span style=\"font-family: Aleo;\"><span style=\"font-size: medium;\">Portal <i>diafanitas.com<\/i> powstaje jako jeden z projekt\u00f3w Zespo\u0142u badawczego Sztuka i metafizyka dzia\u0142aj\u0105cego na Uniwersytecie Komisji Edukacji Narodowej w Krakowie. Zesp\u00f3\u0142 rozpocz\u0105\u0142 prac\u0119 w 2018 roku i ma na swoim koncie realizacj\u0119 szeregu wystaw, debat i publikacji dotycz\u0105cych sztuki wsp\u00f3\u0142czesnej poruszaj\u0105cej tematy inspirowane rozmaicie definiowan\u0105 metafizyk\u0105 i religi\u0105 oraz tematy wyp\u0142ywaj\u0105ce z chrze\u015bcija\u0144skiego dziedzictwa kulturowego. Zasad\u0105 dzia\u0142ania zespo\u0142u jest apolityczno\u015b\u0107 i wierno\u015b\u0107 idei bada\u0144 naukowych rzetelnie ujmuj\u0105cych ca\u0142o\u015b\u0107 opracowywanych zagadnie\u0144. Dlatego kolejne projekty badawcze i publikacyjne Zespo\u0142u obejmuj\u0105 szerokie spektrum wra\u017cliwo\u015bci tw\u00f3rc\u00f3w, stosowanych medi\u00f3w sztuki oraz preferowanych przez autor\u00f3w postaw i taktyk artystycznych. Badanie i przybli\u017canie szerokiej publiczno\u015bci r\u00f3\u017cnorodnych zjawisk artystycznych powstaj\u0105cych w odniesieniu do fenomenu chrze\u015bcija\u0144stwa jest tak\u017ce misj\u0105 redakcji <i>diafanitas.<\/i> Kolegium redakcyjne tworz\u0105: dr hab. \u0141ukasz Murzyn, prof. UKEN, dr hab. Rafa\u0142 Solewski, prof. UKEN, dr Sebastian Stankiewicz, dr Bernadeta Stano, dr Agnieszka Daca oraz Stanis\u0142aw W\u00f3jcicki. Z redakcj\u0105 stale wsp\u00f3\u0142pracuj\u0105 tak\u017ce Anna i Marek Gr\u0105bczewscy, Marta Sici\u0144ska i Judyta D\u0105browska. <em>Diafanitas<\/em> zaprasza do wsp\u00f3\u0142pracy tak\u017ce autor\u00f3w zwi\u0105zanych z innymi o\u015brodkami akademickimi i instytucjami partnerskimi w kraju i na \u015bwiecie.<\/span><\/span><\/span><\/p>\t\t\t\t\t\t<\/div>\n\t\t\t\t<\/div>\n\t\t\t\t\t<\/div>\n\t\t\t\t<\/div>\n\t\t\t\t<\/div>\n\t\t","protected":false},"excerpt":{"rendered":"<p>Portal diafanitas.com powstaje jako jeden z projekt\u00f3w Zespo\u0142u badawczego Sztuka i metafizyka dzia\u0142aj\u0105cego na Uniwersytecie Komisji Edukacji Narodowej w Krakowie. Zesp\u00f3\u0142 rozpocz\u0105\u0142 prac\u0119 w 2018 roku i ma na swoim koncie realizacj\u0119 szeregu wystaw, debat i publikacji dotycz\u0105cych sztuki wsp\u00f3\u0142czesnej poruszaj\u0105cej tematy inspirowane rozmaicie definiowan\u0105 metafizyk\u0105 i religi\u0105 oraz tematy wyp\u0142ywaj\u0105ce z chrze\u015bcija\u0144skiego dziedzictwa kulturowego. [&hellip;]<\/p>\n","protected":false},"author":1,"featured_media":0,"parent":0,"menu_order":0,"comment_status":"closed","ping_status":"closed","template":"","meta":{"footnotes":""},"class_list":["post-7156","page","type-page","status-publish","hentry"],"_links":{"self":[{"href":"https:\/\/diafanitas.uken.krakow.pl\/index.php?rest_route=\/wp\/v2\/pages\/7156","targetHints":{"allow":["GET"]}}],"collection":[{"href":"https:\/\/diafanitas.uken.krakow.pl\/index.php?rest_route=\/wp\/v2\/pages"}],"about":[{"href":"https:\/\/diafanitas.uken.krakow.pl\/index.php?rest_route=\/wp\/v2\/types\/page"}],"author":[{"embeddable":true,"href":"https:\/\/diafanitas.uken.krakow.pl\/index.php?rest_route=\/wp\/v2\/users\/1"}],"replies":[{"embeddable":true,"href":"https:\/\/diafanitas.uken.krakow.pl\/index.php?rest_route=%2Fwp%2Fv2%2Fcomments&post=7156"}],"version-history":[{"count":13,"href":"https:\/\/diafanitas.uken.krakow.pl\/index.php?rest_route=\/wp\/v2\/pages\/7156\/revisions"}],"predecessor-version":[{"id":7809,"href":"https:\/\/diafanitas.uken.krakow.pl\/index.php?rest_route=\/wp\/v2\/pages\/7156\/revisions\/7809"}],"wp:attachment":[{"href":"https:\/\/diafanitas.uken.krakow.pl\/index.php?rest_route=%2Fwp%2Fv2%2Fmedia&parent=7156"}],"curies":[{"name":"wp","href":"https:\/\/api.w.org\/{rel}","templated":true}]}}