{"id":7166,"date":"2024-07-19T21:32:48","date_gmt":"2024-07-19T19:32:48","guid":{"rendered":"https:\/\/diafanitas.uken.krakow.pl\/?page_id=7166"},"modified":"2024-10-28T09:26:35","modified_gmt":"2024-10-28T08:26:35","slug":"kontakt-2","status":"publish","type":"page","link":"https:\/\/diafanitas.uken.krakow.pl\/?page_id=7166","title":{"rendered":"Kontakt"},"content":{"rendered":"\t\t<div data-elementor-type=\"wp-page\" data-elementor-id=\"7166\" class=\"elementor elementor-7166\">\n\t\t\t\t<div class=\"elementor-element elementor-element-9272e3d e-flex e-con-boxed e-con e-parent\" data-id=\"9272e3d\" data-element_type=\"container\">\n\t\t\t\t\t<div class=\"e-con-inner\">\n\t\t\t\t<div class=\"elementor-element elementor-element-5985424 elementor-widget elementor-widget-text-editor\" data-id=\"5985424\" data-element_type=\"widget\" data-widget_type=\"text-editor.default\">\n\t\t\t\t<div class=\"elementor-widget-container\">\n\t\t\t<style>\/*! elementor - v3.23.0 - 15-07-2024 *\/\n.elementor-widget-text-editor.elementor-drop-cap-view-stacked .elementor-drop-cap{background-color:#69727d;color:#fff}.elementor-widget-text-editor.elementor-drop-cap-view-framed .elementor-drop-cap{color:#69727d;border:3px solid;background-color:transparent}.elementor-widget-text-editor:not(.elementor-drop-cap-view-default) .elementor-drop-cap{margin-top:8px}.elementor-widget-text-editor:not(.elementor-drop-cap-view-default) .elementor-drop-cap-letter{width:1em;height:1em}.elementor-widget-text-editor .elementor-drop-cap{float:left;text-align:center;line-height:1;font-size:50px}.elementor-widget-text-editor .elementor-drop-cap-letter{display:inline-block}<\/style>\t\t\t\t<p align=\"LEFT\"><span style=\"color: #000000;\"><span style=\"font-family: Aleo;\"><span style=\"font-size: medium;\"><b><span style=\"text-decoration: underline;\"><a href=\"https:\/\/docs.google.com\/forms\/d\/e\/1FAIpQLSeXFWYBTZXVm1bWZiBQzH34htXphyEOJHXRIE4BZ29QyhMMAA\/viewform?usp=sf_link\">formularz do zg\u0142oszenia wydarzenia<\/a><\/span><\/b><\/span><\/span><\/span><\/p><p align=\"LEFT\"><span style=\"color: #000000;\"><span style=\"font-family: Aleo;\"><span style=\"font-size: medium;\"><i><b>diafanitas.com<\/b><\/i><\/span><\/span><\/span><\/p><p><span style=\"color: #000000;\"><span style=\"font-family: Aleo;\"><span style=\"font-size: medium;\">Zesp\u00f3\u0142 Badawczy Sztuka i Metafizyka <\/span><\/span><\/span><\/p><p><span style=\"color: #000000;\"><span style=\"font-family: Aleo;\"><span style=\"font-size: medium;\">Instytut Malarstwa i Edukacji Artystycznej <\/span><\/span><\/span><\/p><p><span style=\"color: #000000;\"><span style=\"font-family: Aleo;\"><span style=\"font-size: medium;\">Uniwersytet Komisji Edukacji Narodowej w Krakowie<\/span><\/span><\/span><\/p><p><span style=\"color: #000000;\"><span style=\"font-family: Aleo;\"><span style=\"font-size: medium;\">ul. Mazowiecka 43<\/span><\/span><\/span><\/p><p><span style=\"color: #000000;\"><span style=\"font-family: Aleo;\"><span style=\"font-size: medium;\">30-019 Krak\u00f3w<\/span><\/span><\/span><\/p><p><span style=\"color: #000000;\"><span style=\"font-family: Aleo;\"><span style=\"font-size: medium;\">tel: 12 662 66 72 <\/span><\/span><\/span><\/p><p><span style=\"color: #000000;\"><span style=\"font-family: Aleo;\"><span style=\"font-size: medium;\">e-mail: diafanitas@uken.krakow.pl<\/span><\/span><\/span><\/p>\t\t\t\t\t\t<\/div>\n\t\t\t\t<\/div>\n\t\t\t\t\t<\/div>\n\t\t\t\t<\/div>\n\t\t\t\t<\/div>\n\t\t","protected":false},"excerpt":{"rendered":"<p>formularz do zg\u0142oszenia wydarzenia diafanitas.com Zesp\u00f3\u0142 Badawczy Sztuka i Metafizyka Instytut Malarstwa i Edukacji Artystycznej Uniwersytet Komisji Edukacji Narodowej w Krakowie ul. Mazowiecka 43 30-019 Krak\u00f3w tel: 12 662 66 72 e-mail: diafanitas@uken.krakow.pl<\/p>\n","protected":false},"author":1,"featured_media":0,"parent":0,"menu_order":0,"comment_status":"closed","ping_status":"closed","template":"","meta":{"footnotes":""},"class_list":["post-7166","page","type-page","status-publish","hentry"],"_links":{"self":[{"href":"https:\/\/diafanitas.uken.krakow.pl\/index.php?rest_route=\/wp\/v2\/pages\/7166","targetHints":{"allow":["GET"]}}],"collection":[{"href":"https:\/\/diafanitas.uken.krakow.pl\/index.php?rest_route=\/wp\/v2\/pages"}],"about":[{"href":"https:\/\/diafanitas.uken.krakow.pl\/index.php?rest_route=\/wp\/v2\/types\/page"}],"author":[{"embeddable":true,"href":"https:\/\/diafanitas.uken.krakow.pl\/index.php?rest_route=\/wp\/v2\/users\/1"}],"replies":[{"embeddable":true,"href":"https:\/\/diafanitas.uken.krakow.pl\/index.php?rest_route=%2Fwp%2Fv2%2Fcomments&post=7166"}],"version-history":[{"count":22,"href":"https:\/\/diafanitas.uken.krakow.pl\/index.php?rest_route=\/wp\/v2\/pages\/7166\/revisions"}],"predecessor-version":[{"id":7834,"href":"https:\/\/diafanitas.uken.krakow.pl\/index.php?rest_route=\/wp\/v2\/pages\/7166\/revisions\/7834"}],"wp:attachment":[{"href":"https:\/\/diafanitas.uken.krakow.pl\/index.php?rest_route=%2Fwp%2Fv2%2Fmedia&parent=7166"}],"curies":[{"name":"wp","href":"https:\/\/api.w.org\/{rel}","templated":true}]}}